{"id":484,"date":"2019-09-19T17:18:56","date_gmt":"2019-09-19T17:18:56","guid":{"rendered":"https:\/\/gottosellmyhouse.com\/faq\/"},"modified":"2019-09-19T17:21:35","modified_gmt":"2019-09-19T17:21:35","slug":"faq","status":"publish","type":"page","link":"https:\/\/gottosellmyhouse.com\/es\/faq\/","title":{"rendered":"FAQ"},"content":{"rendered":"<div class=\"wpb-content-wrapper\"><p>[vc_row margin_top=\u00bb-50&#8243; margin_bottom=\u00bb-50&#8243;][vc_column]<div class=\"ult-spacer spacer-69eb81b4bc034\" data-id=\"69eb81b4bc034\" data-height=\"50\" data-height-mobile=\"13\" data-height-tab=\"25\" data-height-tab-portrait=\"25\" data-height-mobile-landscape=\"13\" style=\"clear:both;display:block;\"><\/div><div id=\"ultimate-heading-408969eb81b4bc1e8\" class=\"uvc-heading ultimate-heading-408969eb81b4bc1e8 uvc-9985 \" data-hspacer=\"line_with_icon\" data-hline_width=\"100\" data-hicon_type=\"custom\" data-hborder_style=\"solid\" data-hborder_height=\"1\" data-hborder_color=\"#252525\" data-icon_width=\"32\" data-hfixer=\"10\"  data-halign=\"center\" style=\"text-align:center\"><div class=\"uvc-main-heading ult-responsive\"  data-ultimate-target='.uvc-heading.ultimate-heading-408969eb81b4bc1e8 h2'  data-responsive-json-new='{\"font-size\":\"\",\"line-height\":\"\"}' ><h2 style=\"font-weight:normal;\">Preguntas Frecuentes<\/h2><\/div><div class=\"uvc-sub-heading ult-responsive\"  data-ultimate-target='.uvc-heading.ultimate-heading-408969eb81b4bc1e8 .uvc-sub-heading '  data-responsive-json-new='{\"font-size\":\"\",\"line-height\":\"\"}'  style=\"font-weight:normal;\"><\/p>\n<div id=\"link64_adl_tabid\" style=\"display: none;\" data-url=\"http:\/\/gottosellmyhouse.com\/wp-admin\/post.php?post=93&amp;action=edit\">265<\/div>\n<p><\/div><div class=\"uvc-heading-spacer line_with_icon\" style=\"top\"><div class=\"ult-just-icon-wrapper \"><div class=\"align-icon\" style=\"text-align:center;\">\n<div class=\"aio-icon-img \" style=\"font-size:32px;display:inline-block;\" >\n\t<img decoding=\"async\" class=\"img-icon\" alt=\"\" src=\"https:\/\/gottosellmyhouse.com\/wp-content\/uploads\/2016\/06\/house2.png\"\/>\n<\/div><\/div><\/div><\/div><\/div><div class=\"ult-spacer spacer-69eb81b4bc207\" data-id=\"69eb81b4bc207\" data-height=\"50\" data-height-mobile=\"13\" data-height-tab=\"25\" data-height-tab-portrait=\"25\" data-height-mobile-landscape=\"13\" style=\"clear:both;display:block;\"><\/div>[vc_tta_accordion style=\u00bbmodern\u00bb gap=\u00bb10&#8243; active_section=\u00bb1&#8243; no_fill=\u00bbtrue\u00bb][vc_tta_section title=\u00bb\u00bfQu\u00e9 tipo de casas compra GotToSellMyHouse.com?\u00bb tab_id=\u00bb1466965228196-f9cfbbfa-4ea8&#8243;][vc_column_text css_animation=\u00bbfadeIn\u00bb]<\/p>\n<p style=\"text-align: justify;\">GotToSellMyHouse.com compra todo tipo de casas. Trabajamos con propietarios que buscan vender sus propiedades en apuros por dinero r\u00e1pido. Nuestro objetivo no es aprovecharlo, sino convertir su dif\u00edcil situaci\u00f3n en una situaci\u00f3n de beneficio mutuo para los dos. Independientemente de su raz\u00f3n para querer vender su casa, debe comprender que no es la primera persona en estar en esa situaci\u00f3n. Hemos ayudado a muchas personas en su situaci\u00f3n.<\/p>\n<p>[\/vc_column_text][\/vc_tta_section][vc_tta_section title=\u00bb\u00bfHay alguna tarifa asociada con el proceso de venta?\u00bb tab_id=\u00bb1466965410883-5038cd6d-9921&#8243;][vc_column_text css_animation=\u00bbfadeIn\u00bb]<\/p>\n<p style=\"text-align: justify;\">No. No hay tarifas involucradas en absoluto. Es por eso que le pagamos en efectivo y no al rev\u00e9s. No hay tarifas o costos ocultos ocultos en la letra peque\u00f1a. La oferta que acepta es lo que le pagamos y nada menos.<\/p>\n<p>[\/vc_column_text][\/vc_tta_section][vc_tta_section title=\u00bb\u00bfCu\u00e1nta comisi\u00f3n tomas? En\u00bb tab_id=\u00bb1466965470149-16595eac-861a\u00bb][vc_column_text css_animation=\u00bbfadeIn\u00bb]<\/p>\n<p style=\"text-align: justify;\">No hacemos ninguna comisi\u00f3n por comprarle una casa. A diferencia de los agentes inmobiliarios tradicionales, los inversores inmobiliarios no cobran ninguna comisi\u00f3n por la propiedad que adquirimos.<\/p>\n<p>[\/vc_column_text][\/vc_tta_section][vc_tta_section title=\u00bbSi me enfrento a una ejecuci\u00f3n hipotecaria, \u00bfcomprar\u00e1n mi propiedad?\u00bb tab_id=\u00bb1466965528406-bcac9371-e0f4&#8243;][vc_column_text css_animation=\u00bbfadeIn\u00bb]<\/p>\n<p style=\"text-align: justify;\">No solo le haremos una oferta, sino que le ayudaremos a evitar la ejecuci\u00f3n hipotecaria. Nuestros profesionales inmobiliarios tienen experiencia en el manejo de tales escenarios. Han construido relaciones a largo plazo con las principales instituciones financieras; por lo tanto, estamos en una mejor posici\u00f3n para ayudarlo a evitar la ejecuci\u00f3n hipotecaria.<\/p>\n<p>[\/vc_column_text][\/vc_tta_section][vc_tta_section title=\u00bb\u00bfCu\u00e1nto tiempo lleva vender mi casa?\u00bb tab_id=\u00bb1466965599558-6dffdc8d-361a\u00bb][vc_column_text css_animation=\u00bbfadeIn\u00bb]<\/p>\n<p style=\"text-align: justify;\">Nuestro proceso es r\u00e1pido. Nuestro objetivo es ofrecerle una soluci\u00f3n justa a su problema en el menor tiempo posible. Entendemos la urgencia de las limitaciones financieras. Sabemos lo dif\u00edcil que puede ser vender su casa para evitar el incumplimiento de una hipoteca o la bancarrota. Aunque la mayor\u00eda de los profesionales de bienes ra\u00edces pueden no estar dispuestos a resolver sus problemas r\u00e1pidamente debido a sus propios motivos ego\u00edstas, no comprometemos nuestros plazos. Hacemos las cosas en el menor tiempo posible para ayudarlo a pasar a la siguiente etapa de la vida. Puede llevar algunos d\u00edas o semanas. La rapidez del proceso depende de usted.<\/p>\n<p>[\/vc_column_text][\/vc_tta_section][vc_tta_section title=\u00bbSi hace una oferta, \u00bfestoy obligado a aceptarla?\u00bb tab_id=\u00bb1466965656417-1bc846b1-fb86&#8243;][vc_column_text css_animation=\u00bbfadeIn\u00bb]<\/p>\n<p style=\"text-align: justify;\">No. Usted tiene el control de todo el proceso. No hay obligaci\u00f3n legal de aceptar nuestra oferta si no est\u00e1 satisfecho. No estamos aqu\u00ed para aprovecharlo, sino para convertir su situaci\u00f3n en un acuerdo de beneficio mutuo.<\/p>\n<p>[\/vc_column_text][\/vc_tta_section][vc_tta_section title=\u00bb\u00bfPuedo vender mi casa con personas en ella?\u00bb tab_id=\u00bb1466965730392-7ec7eb6b-7c78&#8243;][vc_column_text css_animation=\u00bbfadeIn\u00bb]<\/p>\n<p style=\"text-align: justify;\">Si. Compramos casas que se alquilan o que est\u00e1n ocupadas por sus propietarios. En alguna situaci\u00f3n compraremos la casa y nos quedaremos con los inquilinos. Por favor, h\u00e1ganos saber como alguien podr\u00eda pasar por la casa para echar un vistazo a su exterior. Si hay alguien adentro, podr\u00edan sorprenderse al ver a alguien inspeccionando la casa.<\/p>\n<p>[\/vc_column_text][\/vc_tta_section][vc_tta_section title=\u00bbMe siento perdido y abrumado. \u00bfQu\u00e9 tengo que hacer?\u00bb tab_id=\u00bb1466965783358-307c1b84-0f0f\u00bb][vc_column_text css_animation=\u00bbfadeIn\u00bb]<\/p>\n<p style=\"text-align: justify;\">Primero, date cuenta de que esto es solo un punto bajo en tu vida y que eventualmente mejorar\u00e1. Sepa que usted no es el \u00fanico que est\u00e1 pasando por esta situaci\u00f3n, de hecho, decenas de miles de personas se ven obligadas a vender su casa cada a\u00f1o. En segundo lugar, no luches solo en esta batalla, solicita la ayuda de un experto en bienes ra\u00edces angustiado para deshacerte de tu problema y al menos recibir un pago. Finalmente, si tiene problemas para comprender cualquier documentaci\u00f3n legal que reciba por correo, intente leerla mientras abre nuestro diccionario de bienes ra\u00edces. Te ayudar\u00e1 a descifrar d\u00f3nde est\u00e1s parado.<\/p>\n<p>[\/vc_column_text][\/vc_tta_section][\/vc_tta_accordion]<div class=\"ult-spacer spacer-69eb81b4bc210\" data-id=\"69eb81b4bc210\" data-height=\"50\" data-height-mobile=\"13\" data-height-tab=\"25\" data-height-tab-portrait=\"25\" data-height-mobile-landscape=\"13\" style=\"clear:both;display:block;\"><\/div>[\/vc_column][\/vc_row]<\/p>\n<\/div>","protected":false},"excerpt":{"rendered":"<p>[vc_row margin_top=\u00bb-50&#8243; margin_bottom=\u00bb-50&#8243;][vc_column][vc_tta_accordion style=\u00bbmodern\u00bb gap=\u00bb10&#8243; active_section=\u00bb1&#8243; no_fill=\u00bbtrue\u00bb][vc_tta_section title=\u00bb\u00bfQu\u00e9 tipo de casas compra GotToSellMyHouse.com?\u00bb tab_id=\u00bb1466965228196-f9cfbbfa-4ea8&#8243;][vc_column_text css_animation=\u00bbfadeIn\u00bb] GotToSellMyHouse.com compra todo tipo de casas. Trabajamos con propietarios que buscan vender sus propiedades en apuros por dinero r\u00e1pido. Nuestro objetivo no es aprovecharlo, sino convertir su dif\u00edcil situaci\u00f3n en una situaci\u00f3n de beneficio mutuo para los dos. Independientemente de&hellip;<\/p>\n","protected":false},"author":1,"featured_media":0,"parent":0,"menu_order":0,"comment_status":"closed","ping_status":"closed","template":"","meta":[],"yst_prominent_words":[248,486,241,488,482,247,489,483,481,491,484,398,490,487,492,493,485,250,381,380],"class_list":["post-484","page","type-page","status-publish","hentry","description-off"],"_links":{"self":[{"href":"https:\/\/gottosellmyhouse.com\/es\/wp-json\/wp\/v2\/pages\/484","targetHints":{"allow":["GET"]}}],"collection":[{"href":"https:\/\/gottosellmyhouse.com\/es\/wp-json\/wp\/v2\/pages"}],"about":[{"href":"https:\/\/gottosellmyhouse.com\/es\/wp-json\/wp\/v2\/types\/page"}],"author":[{"embeddable":true,"href":"https:\/\/gottosellmyhouse.com\/es\/wp-json\/wp\/v2\/users\/1"}],"replies":[{"embeddable":true,"href":"https:\/\/gottosellmyhouse.com\/es\/wp-json\/wp\/v2\/comments?post=484"}],"version-history":[{"count":3,"href":"https:\/\/gottosellmyhouse.com\/es\/wp-json\/wp\/v2\/pages\/484\/revisions"}],"predecessor-version":[{"id":487,"href":"https:\/\/gottosellmyhouse.com\/es\/wp-json\/wp\/v2\/pages\/484\/revisions\/487"}],"wp:attachment":[{"href":"https:\/\/gottosellmyhouse.com\/es\/wp-json\/wp\/v2\/media?parent=484"}],"wp:term":[{"taxonomy":"yst_prominent_words","embeddable":true,"href":"https:\/\/gottosellmyhouse.com\/es\/wp-json\/wp\/v2\/yst_prominent_words?post=484"}],"curies":[{"name":"wp","href":"https:\/\/api.w.org\/{rel}","templated":true}]}}