{"id":472,"date":"2019-09-19T17:02:37","date_gmt":"2019-09-19T17:02:37","guid":{"rendered":"https:\/\/gottosellmyhouse.com\/sobre-nosotros\/"},"modified":"2019-09-19T17:05:23","modified_gmt":"2019-09-19T17:05:23","slug":"sobre-nosotros","status":"publish","type":"page","link":"https:\/\/gottosellmyhouse.com\/es\/sobre-nosotros\/","title":{"rendered":"Sobre Nosotros"},"content":{"rendered":"<div class=\"wpb-content-wrapper\"><p>[vc_row margin_top=\u00bb-50&#8243;][vc_column width=\u00bb1\/2&#8243;]<div class=\"ult-spacer spacer-69eb817bcfb66\" data-id=\"69eb817bcfb66\" data-height=\"50\" data-height-mobile=\"13\" data-height-tab=\"25\" data-height-tab-portrait=\"25\" data-height-mobile-landscape=\"13\" style=\"clear:both;display:block;\"><\/div>[vc_column_text]<\/p>\n<p style=\"text-align: justify;\">\u00bfEst\u00e1s enfrentando una ejecuci\u00f3n hipotecaria? \u00bfEst\u00e1s atrasado y te enfrentas a la recuperaci\u00f3n? \u00bfEst\u00e1 a punto de ser desalojado de su hogar? \u00bfLe preocupa lo que significan las repercusiones para el futuro de su familia? \u00bfTe cuesta vender tu casa r\u00e1pidamente para pagar tus deudas? \u00bfEst\u00e1s al final del camino y est\u00e1s pensando en tirar la toalla? \u00a1No!<\/p>\n<p style=\"text-align: justify;\">Sean cuales sean sus circunstancias, podemos ayudarlo. Nuestros profesionales inmobiliarios tienen experiencia en el trato con propietarios de viviendas en circunstancias similares. Nuestro objetivo es crear una situaci\u00f3n de ganar-ganar donde ambos salimos felices. Nuestro servicio es r\u00e1pido y eficiente. Es transparente. No hay costos y tarifas ocultos. No nos pagas ni un centavo. Nuestro servicio es gratuito: le brindamos el mayor valor por adelantado y hacemos que sea lo m\u00e1s simple posible vender su casa y seguir adelante con su vida.<\/p>\n<p style=\"text-align: justify;\">Ll\u00e1menos para comenzar 1855-55 GOTTOSELL (855-554-6886)<\/p>\n<div id=\"link64_adl_tabid\" style=\"display: none;\" data-url=\"http:\/\/gottosellmyhouse.com\/wp-admin\/post-new.php?post_type=page\">374<\/div>\n<p>[\/vc_column_text]<a class=\"ubtn-link ubtn-left ubtn-custom \" href = \"\/house\/contact-us\" target='' ><button type=\"button\" class=\"ubtn ubtn-custom ubtn-left-bg  none  ubtn-left   tooltip-69eb817bcfb8f\"  data-hover=\"#e10512\" data-border-color=\"#ffffff\" data-bg=\"#e10512\" data-hover-bg=\"#ffffff\" data-border-hover=\"#e10512\" data-shadow-hover=\"\" data-shadow-click=\"none\" data-shadow=\"\" data-shd-shadow=\"\" style=\"font-weight:normal;font-size:16px;width:155px;min-height:45px;padding:px px;border-radius:3px;border-width:1px;border-color:#ffffff;border-style:solid;background: #e10512;color: #ffffff;\"><span class=\"ubtn-hover\" style=\"background-color:#ffffff\"><\/span><span class=\"ubtn-data ubtn-text\">CONTACTO<\/span><\/button><\/a><div class=\"ult-spacer spacer-69eb817bcfbc8\" data-id=\"69eb817bcfbc8\" data-height=\"50\" data-height-mobile=\"13\" data-height-tab=\"25\" data-height-tab-portrait=\"25\" data-height-mobile-landscape=\"13\" style=\"clear:both;display:block;\"><\/div>[\/vc_column][vc_column width=\u00bb1\/2&#8243;]<div class=\"ult-spacer spacer-69eb817bcfbd5\" data-id=\"69eb817bcfbd5\" data-height=\"50\" data-height-mobile=\"13\" data-height-tab=\"25\" data-height-tab-portrait=\"25\" data-height-mobile-landscape=\"13\" style=\"clear:both;display:block;\"><\/div>[vc_single_image image=\u00bb127&#8243; img_size=\u00bbfull\u00bb alignment=\u00bbcenter\u00bb style=\u00bbvc_box_outline\u00bb border_color=\u00bbmulled_wine\u00bb]<div class=\"ult-spacer spacer-69eb817bcfbe0\" data-id=\"69eb817bcfbe0\" data-height=\"50\" data-height-mobile=\"13\" data-height-tab=\"25\" data-height-tab-portrait=\"25\" data-height-mobile-landscape=\"13\" style=\"clear:both;display:block;\"><\/div>[\/vc_column][\/vc_row][vc_row margin_bottom=\u00bb-50&#8243; animation=\u00bbbounceInUp\u00bb bg_type=\u00bbbg_color\u00bb bg_override=\u00bbex-full\u00bb bg_color_value=\u00bb#e10512&#8243;][vc_column]<div class=\"ult-spacer spacer-69eb817bcfbea\" data-id=\"69eb817bcfbea\" data-height=\"50\" data-height-mobile=\"13\" data-height-tab=\"25\" data-height-tab-portrait=\"25\" data-height-mobile-landscape=\"13\" style=\"clear:both;display:block;\"><\/div><div id=\"ultimate-heading-432269eb817bcfc78\" class=\"uvc-heading ultimate-heading-432269eb817bcfc78 uvc-182 \" data-hspacer=\"line_with_icon\" data-hline_width=\"100\" data-hicon_type=\"custom\" data-hborder_style=\"solid\" data-hborder_height=\"1\" data-hborder_color=\"#ffffff\" data-icon_width=\"32\" data-hfixer=\"0\"  data-halign=\"center\" style=\"text-align:center\"><div class=\"uvc-sub-heading ult-responsive\"  data-ultimate-target='.uvc-heading.ultimate-heading-432269eb817bcfc78 .uvc-sub-heading '  data-responsive-json-new='{\"font-size\":\"\",\"line-height\":\"\"}'  style=\"font-weight:normal;\"><\/p>\n<h2 style=\"text-align: center;\">\u00a0Que podemos <span style=\"color: #ffffff;\">Hacer por usted<\/span><\/h2>\n<div id=\"link64_adl_tabid\" style=\"display: none;\" data-url=\"http:\/\/gottosellmyhouse.com\/wp-admin\/post-new.php?post_type=page\">370<\/div>\n<p><\/div><div class=\"uvc-heading-spacer line_with_icon\" style=\"top\"><div class=\"ult-just-icon-wrapper \"><div class=\"align-icon\" style=\"text-align:center;\"><\/div><\/div><\/div><\/div><div class=\"ult-spacer spacer-69eb817bcfc8f\" data-id=\"69eb817bcfc8f\" data-height=\"20\" data-height-mobile=\"10\" data-height-tab=\"15\" data-height-tab-portrait=\"15\" data-height-mobile-landscape=\"10\" style=\"clear:both;display:block;\"><\/div>[vc_row_inner][vc_column_inner width=\u00bb1\/2&#8243;]<div class=\"ult-spacer spacer-69eb817bcfc9a\" data-id=\"69eb817bcfc9a\" data-height=\"20\" data-height-mobile=\"10\" data-height-tab=\"15\" data-height-tab-portrait=\"15\" data-height-mobile-landscape=\"10\" style=\"clear:both;display:block;\"><\/div>[vc_column_text]<\/p>\n<h4>SERVICIOS DE REUBICACI\u00d3N:<\/h4>\n<p style=\"text-align: justify;\"><span style=\"color: #ffffff;\">Debido a que nos importa lo que le pase, podemos ayudarlo a reubicarse en un hogar adecuado para ayudarlo a recuperarse.<\/span><\/p>\n<p>&nbsp;<\/p>\n<div id=\"link64_adl_tabid\" style=\"display: none;\" data-url=\"http:\/\/gottosellmyhouse.com\/wp-admin\/post-new.php?post_type=page\">372<\/div>\n<p>[\/vc_column_text]<div class=\"ult-spacer spacer-69eb817bcfca4\" data-id=\"69eb817bcfca4\" data-height=\"20\" data-height-mobile=\"10\" data-height-tab=\"15\" data-height-tab-portrait=\"15\" data-height-mobile-landscape=\"10\" style=\"clear:both;display:block;\"><\/div>[vc_column_text]<\/p>\n<h4 style=\"text-align: left;\">EVITAR EJECUCIONES HIPOTECARIAS:<\/h4>\n<p style=\"text-align: justify;\"><span style=\"color: #ffffff;\">Nuestros profesionales tienen un historial probado en la industria y construyeron relaciones s\u00f3lidas a largo plazo con las principales instituciones financieras. Por lo tanto, estamos en condiciones de ayudarlo a evitar ejecuciones hipotecarias porque los bancos no obtienen nada de las ejecuciones hipotecarias.<\/span><\/p>\n<p>[\/vc_column_text][\/vc_column_inner][vc_column_inner width=\u00bb1\/2&#8243;]<div class=\"ult-spacer spacer-69eb817bcfcad\" data-id=\"69eb817bcfcad\" data-height=\"20\" data-height-mobile=\"10\" data-height-tab=\"15\" data-height-tab-portrait=\"15\" data-height-mobile-landscape=\"10\" style=\"clear:both;display:block;\"><\/div>[vc_column_text]<\/p>\n<h4 style=\"text-align: left;\">CONSEJO LEGAL:<\/h4>\n<p style=\"text-align: justify;\"><span style=\"color: #ffffff;\">Si se enfrenta a la p\u00e9rdida de su hogar sin recuperar nada a cambio, podemos ayudarlo en su batalla legal para garantizar que obtenga algo de su inversi\u00f3n ganada con tanto esfuerzo.<\/span><\/p>\n<p>[\/vc_column_text]<div class=\"ult-spacer spacer-69eb817bcfcb6\" data-id=\"69eb817bcfcb6\" data-height=\"20\" data-height-mobile=\"10\" data-height-tab=\"15\" data-height-tab-portrait=\"15\" data-height-mobile-landscape=\"10\" style=\"clear:both;display:block;\"><\/div>[vc_column_text]<\/p>\n<h4 style=\"text-align: left;\">CONSEJER\u00cdA DE CR\u00c9DITO:<\/h4>\n<p style=\"text-align: justify;\"><span style=\"color: #ffffff;\">Ya sea que est\u00e9 buscando refinanciar para reducir sus pagos o si desea comprar su pr\u00f3xima casa, lo ayudamos a ordenar sus finanzas para que pueda mejorar su puntaje de cr\u00e9dito.<\/span><\/p>\n<p>[\/vc_column_text][\/vc_column_inner][\/vc_row_inner]<div class=\"ult-spacer spacer-69eb817bcfcbe\" data-id=\"69eb817bcfcbe\" data-height=\"50\" data-height-mobile=\"13\" data-height-tab=\"25\" data-height-tab-portrait=\"25\" data-height-mobile-landscape=\"13\" style=\"clear:both;display:block;\"><\/div>[\/vc_column][\/vc_row]<\/p>\n<\/div>","protected":false},"excerpt":{"rendered":"<p>[vc_row margin_top=\u00bb-50&#8243;][vc_column width=\u00bb1\/2&#8243;][vc_column_text] \u00bfEst\u00e1s enfrentando una ejecuci\u00f3n hipotecaria? \u00bfEst\u00e1s atrasado y te enfrentas a la recuperaci\u00f3n? \u00bfEst\u00e1 a punto de ser desalojado de su hogar? \u00bfLe preocupa lo que significan las repercusiones para el futuro de su familia? \u00bfTe cuesta vender tu casa r\u00e1pidamente para pagar tus deudas? \u00bfEst\u00e1s al final del camino y est\u00e1s&hellip;<\/p>\n","protected":false},"author":1,"featured_media":0,"parent":0,"menu_order":0,"comment_status":"closed","ping_status":"closed","template":"","meta":[],"yst_prominent_words":[442,433,431,430,255,445,434,428,136,441,438,436,429,437,440,444,432,253,435,439],"class_list":["post-472","page","type-page","status-publish","hentry","description-off"],"_links":{"self":[{"href":"https:\/\/gottosellmyhouse.com\/es\/wp-json\/wp\/v2\/pages\/472","targetHints":{"allow":["GET"]}}],"collection":[{"href":"https:\/\/gottosellmyhouse.com\/es\/wp-json\/wp\/v2\/pages"}],"about":[{"href":"https:\/\/gottosellmyhouse.com\/es\/wp-json\/wp\/v2\/types\/page"}],"author":[{"embeddable":true,"href":"https:\/\/gottosellmyhouse.com\/es\/wp-json\/wp\/v2\/users\/1"}],"replies":[{"embeddable":true,"href":"https:\/\/gottosellmyhouse.com\/es\/wp-json\/wp\/v2\/comments?post=472"}],"version-history":[{"count":5,"href":"https:\/\/gottosellmyhouse.com\/es\/wp-json\/wp\/v2\/pages\/472\/revisions"}],"predecessor-version":[{"id":477,"href":"https:\/\/gottosellmyhouse.com\/es\/wp-json\/wp\/v2\/pages\/472\/revisions\/477"}],"wp:attachment":[{"href":"https:\/\/gottosellmyhouse.com\/es\/wp-json\/wp\/v2\/media?parent=472"}],"wp:term":[{"taxonomy":"yst_prominent_words","embeddable":true,"href":"https:\/\/gottosellmyhouse.com\/es\/wp-json\/wp\/v2\/yst_prominent_words?post=472"}],"curies":[{"name":"wp","href":"https:\/\/api.w.org\/{rel}","templated":true}]}}