{"id":466,"date":"2019-09-19T16:49:45","date_gmt":"2019-09-19T16:49:45","guid":{"rendered":"https:\/\/gottosellmyhouse.com\/testimonios\/"},"modified":"2019-09-19T16:52:23","modified_gmt":"2019-09-19T16:52:23","slug":"testimonios","status":"publish","type":"page","link":"https:\/\/gottosellmyhouse.com\/es\/testimonios\/","title":{"rendered":"Testimonios"},"content":{"rendered":"<div class=\"wpb-content-wrapper\"><p>[vc_row margin_top=\u00bb-50&#8243; margin_bottom=\u00bb-50&#8243; animation=\u00bbfadeIn\u00bb bg_type=\u00bbimage\u00bb parallax_style=\u00bbvcpb-default\u00bb bg_image_new=\u00bb272|http:\/\/gottosellmyhouse.com\/wp-content\/uploads\/2016\/06\/fondotestimonios.jpg\u00bb bg_image_repeat=\u00bbno-repeat\u00bb bg_override=\u00bbex-full\u00bb enable_overlay=\u00bbenable_overlay_value\u00bb overlay_color=\u00bb#000000&#8243; overlay_pattern=\u00bbtransperant\u00bb overlay_pattern_opacity=\u00bb99&#8243;][vc_column width=\u00bb1\/6&#8243;][\/vc_column][vc_column width=\u00bb2\/3&#8243;]<div class=\"ult-spacer spacer-69eb817bcd366\" data-id=\"69eb817bcd366\" data-height=\"50\" data-height-mobile=\"13\" data-height-tab=\"25\" data-height-tab-portrait=\"25\" data-height-mobile-landscape=\"13\" style=\"clear:both;display:block;\"><\/div><div class=\"ult-spacer spacer-69eb817bcd375\" data-id=\"69eb817bcd375\" data-height=\"50\" data-height-mobile=\"13\" data-height-tab=\"25\" data-height-tab-portrait=\"25\" data-height-mobile-landscape=\"13\" style=\"clear:both;display:block;\"><\/div><section class=\"testimonial-item testimonial-item-slider\"><ul class=\"testimonials slider-content rsCont\" data-autoslide=\"5000\">\n<li><article>\n\t<div class=\"testimonial-content\"><p class=\"p1\"><span class=\"s1\">El equipo de Got To Sell My House ha hecho que esta experiencia sea tan agradable y positiva. Vender una casa, cambiar de trabajo, mudarse a otro pa\u00eds y salir de la ciudad en la que has vivido durante muchos a\u00f1os es muy estresante. Todo el mundo me ayud\u00f3 a navegar por un cambio importante en la vida y un per\u00edodo de ansiedad y presi\u00f3n. <\/span><span class=\"s1\">Estoy muy feliz de habertenido como mis agentes inmobiliarios y sin duda le recomendar\u00e9 encarecidamente a cualquiera que pregunte. Muchas gracias por todo el gran trabajo.<br \/>\n<\/span><\/p>\n<p style=\"text-align: justify;\"><span style=\"color: #333333;\"> <\/span><\/p>\n<div id=\"link64_adl_tabid\" style=\"display: none;\" data-url=\"http:\/\/gottosellmyhouse.com\/wp-admin\/post-new.php?post_type=dt_testimonials\"><span style=\"color: #333333;\">380<\/span><\/div>\n<\/div>\n\t<div class=\"testimonial-vcard\"><div class=\"wf-td\"><span class=\"alignleft\"><img class=\"preload-me\" srcset=\"https:\/\/gottosellmyhouse.com\/wp-content\/uploads\/2016\/06\/Client6-60x60.jpg 1x, https:\/\/gottosellmyhouse.com\/wp-content\/uploads\/2016\/06\/Client6-120x120.jpg 2x\" width=\"60\" height=\"60\"  title=\"Client6\" alt=\"\" \/><\/span><\/div><div class=\"wf-td\"><span class=\"text-primary\">Julia Joe<\/span><br \/><\/div><\/div>\n<\/article>\n<\/li><li><article>\n\t<div class=\"testimonial-content\"><div class=\"copy-paste-block\">Me gustar\u00eda agradecer sinceramente al equipo de Got To Sell My House por el incre\u00edble resultado que ha logrado. Has conseguido facilitar la compra de la casa que pens\u00e9 que s\u00f3lo podr\u00eda ser un sue\u00f1o, y por un precio m\u00e1s all\u00e1 de mis expectativas.<\/p>\n<p>Su compromiso y dedicaci\u00f3n hacia m\u00ed como cliente ha sido insuperable. Su enfoque en el resultado final fue incuestionable y su consejo motivador y informes detallados durante el proceso se agradeci\u00f3 m\u00e1s entonces se da cuenta.<\/p>\n<p>Desde el principio tuve confianza en que estaba en las manos correctas y no dudaba en recomendarte a ti mismo y a tu dedicado equipo de ventas y administraci\u00f3n a otras personas que valoran el profesionalismo, la honestidad y la integridad. \u00a1Gracias!<\/p><\/div>\n<p style=\"text-align: justify;\"><span style=\"color: #333333;\"> <\/span><\/p>\n<div id=\"link64_adl_tabid\" style=\"display: none;\" data-url=\"http:\/\/gottosellmyhouse.com\/wp-admin\/post-new.php?post_type=dt_testimonials\"><span style=\"color: #333333;\">381<\/span><\/div>\n<\/div>\n\t<div class=\"testimonial-vcard\"><div class=\"wf-td\"><span class=\"alignleft\"><img class=\"preload-me\" srcset=\"https:\/\/gottosellmyhouse.com\/wp-content\/uploads\/2016\/06\/Client3-60x60.jpg 1x, https:\/\/gottosellmyhouse.com\/wp-content\/uploads\/2016\/06\/Client3-120x120.jpg 2x\" width=\"60\" height=\"60\"  title=\"Client3\" alt=\"\" \/><\/span><\/div><div class=\"wf-td\"><span class=\"text-primary\">Jason Bourne<\/span><br \/><\/div><\/div>\n<\/article>\n<\/li><li><article>\n\t<div class=\"testimonial-content\"><p style=\"text-align: justify;\"><span style=\"color: #333333;\">Puedo asegurarle que el personal de trabajo en Got To Sell My House son los mejores en el negocio. Estaban disponibles cada vez que los necesitaba listos para responder a mis necesidades y preguntas. Son muy profesionales y seguramente conocen todo el proceso para hacer un trato r\u00e1pido. Discutimos un precio que funcion\u00f3 para los dos y la mejor parte es que me dieron un trato en efectivo de ellos. Estoy deseando volver a trabajar con ellos.<\/span><\/p>\n<div id=\"link64_adl_tabid\" style=\"display: none;\" data-url=\"http:\/\/gottosellmyhouse.com\/wp-admin\/post.php?post=55&amp;action=edit\"><span style=\"color: #333333;\">382<\/span><\/div>\n<\/div>\n\t<div class=\"testimonial-vcard\"><div class=\"wf-td\"><span class=\"alignleft\"><img class=\"preload-me\" srcset=\"https:\/\/gottosellmyhouse.com\/wp-content\/uploads\/2016\/06\/Client5-60x60.jpg 1x, https:\/\/gottosellmyhouse.com\/wp-content\/uploads\/2016\/06\/Client5-120x120.jpg 2x\" width=\"60\" height=\"60\"  title=\"Client5\" alt=\"\" \/><\/span><\/div><div class=\"wf-td\"><span class=\"text-primary\">Aaliana Jhon<\/span><br \/><\/div><\/div>\n<\/article>\n<\/li><li><article>\n\t<div class=\"testimonial-content\"><p style=\"text-align: justify;\"><span style=\"color: #333333;\">Intent\u00e9 vender mi casa, pero no tuve \u00e9xito. Me di cuenta de que no pod\u00eda hacerlo solo, as\u00ed que intent\u00e9 con Got to Sell My House y obtuve los resultados que quer\u00eda r\u00e1pido. Me escucharon y empezaron a trabajar de inmediato, se puede confiar en ellos y estoy muy feliz. Trabajamos juntos durante todo el proceso. Recomiendo encarecidamente Got To Sell My House a cualquiera que busque vender su casa. <\/span><\/p>\n<div id=\"link64_adl_tabid\" style=\"display: none;\" data-url=\"http:\/\/gottosellmyhouse.com\/wp-admin\/post.php?post=56&amp;action=edit\"><span style=\"color: #333333;\">383<\/span><\/div>\n<\/div>\n\t<div class=\"testimonial-vcard\"><div class=\"wf-td\"><span class=\"alignleft\"><img class=\"preload-me\" srcset=\"https:\/\/gottosellmyhouse.com\/wp-content\/uploads\/2016\/06\/Client4-60x60.jpg 1x, https:\/\/gottosellmyhouse.com\/wp-content\/uploads\/2016\/06\/Client4-120x120.jpg 2x\" width=\"60\" height=\"60\"  title=\"Client4\" alt=\"\" \/><\/span><\/div><div class=\"wf-td\"><span class=\"text-primary\">Paul<\/span><br \/><\/div><\/div>\n<\/article>\n<\/li><li><article>\n\t<div class=\"testimonial-content\"><p style=\"text-align: justify;\"><span style=\"color: #333333;\">Estoy muy contento con sus servicios en la gesti\u00f3n de mi propiedad. Me qued\u00e9 impresionada con la rapidez con la que el equipo respondi\u00f3 a mis necesidades en la venta de mi casa. Usted nos ha proporcionado un alto nivel de comunicaci\u00f3n y seguimiento durante todo el proceso. El equipo se gan\u00f3 una reputaci\u00f3n impecable por su incre\u00edble \u00e9tica de trabajo. Le recomendamos a cualquier persona sin reservas. Gracias de nuevo por un gran servicio.<\/span><\/p>\n<div id=\"link64_adl_tabid\" style=\"display: none;\" data-url=\"http:\/\/gottosellmyhouse.com\/wp-admin\/post.php?post=45&amp;action=edit\"><span style=\"color: #333333;\">378<\/span><\/div>\n<\/div>\n\t<div class=\"testimonial-vcard\"><div class=\"wf-td\"><span class=\"alignleft\"><img class=\"preload-me\" srcset=\"https:\/\/gottosellmyhouse.com\/wp-content\/uploads\/2016\/06\/Client1-60x60.jpg 1x, https:\/\/gottosellmyhouse.com\/wp-content\/uploads\/2016\/06\/Client1-120x120.jpg 2x\" width=\"60\" height=\"60\"  title=\"Client1\" alt=\"\" \/><\/span><\/div><div class=\"wf-td\"><span class=\"text-primary\">Nancy<\/span><br \/><\/div><\/div>\n<\/article>\n<\/li><li><article>\n\t<div class=\"testimonial-content\"><p>El equipo escuch\u00f3 atentamente mis necesidades, luego desarroll\u00f3 un plan espec\u00edfico para mi casa, y luego lo implement\u00f3. Se requiere que invirtamos en ciertas mejoras y que sigamos las recomendaciones del equipo, pero todo vali\u00f3 la pena. Despu\u00e9s de unos d\u00edas en el mercado Got To Sell My Houes present\u00f3 una oferta y por encima del precio de venta. Estoy muy contento con el servicio.<\/p>\n<p style=\"text-align: justify;\"><span style=\"color: #333333;\"> <\/span><\/p>\n<div id=\"link64_adl_tabid\" style=\"display: none;\" data-url=\"http:\/\/gottosellmyhouse.com\/wp-admin\/post.php?post=52&amp;action=edit\"><span style=\"color: #333333;\">379<\/span><\/div>\n<\/div>\n\t<div class=\"testimonial-vcard\"><div class=\"wf-td\"><span class=\"alignleft\"><img class=\"preload-me\" srcset=\"https:\/\/gottosellmyhouse.com\/wp-content\/uploads\/2016\/06\/client2-60x60.jpg 1x, https:\/\/gottosellmyhouse.com\/wp-content\/uploads\/2016\/06\/client2-120x120.jpg 2x\" width=\"60\" height=\"60\"  title=\"client2\" alt=\"\" \/><\/span><\/div><div class=\"wf-td\"><span class=\"text-primary\">Sr. Lance<\/span><br \/><\/div><\/div>\n<\/article>\n<\/li><\/ul>\n<\/section><div class=\"ult-spacer spacer-69eb817bce942\" data-id=\"69eb817bce942\" data-height=\"50\" data-height-mobile=\"13\" data-height-tab=\"25\" data-height-tab-portrait=\"25\" data-height-mobile-landscape=\"13\" style=\"clear:both;display:block;\"><\/div><div class=\"ult-spacer spacer-69eb817bce94b\" data-id=\"69eb817bce94b\" data-height=\"50\" data-height-mobile=\"13\" data-height-tab=\"25\" data-height-tab-portrait=\"25\" data-height-mobile-landscape=\"13\" style=\"clear:both;display:block;\"><\/div>[\/vc_column][vc_column width=\u00bb1\/6&#8243;][\/vc_column][\/vc_row]<\/p>\n<\/div>","protected":false},"excerpt":{"rendered":"<p>[vc_row margin_top=\u00bb-50&#8243; margin_bottom=\u00bb-50&#8243; animation=\u00bbfadeIn\u00bb bg_type=\u00bbimage\u00bb parallax_style=\u00bbvcpb-default\u00bb bg_image_new=\u00bb272|http:\/\/gottosellmyhouse.com\/wp-content\/uploads\/2016\/06\/fondotestimonios.jpg\u00bb bg_image_repeat=\u00bbno-repeat\u00bb bg_override=\u00bbex-full\u00bb enable_overlay=\u00bbenable_overlay_value\u00bb overlay_color=\u00bb#000000&#8243; overlay_pattern=\u00bbtransperant\u00bb overlay_pattern_opacity=\u00bb99&#8243;][vc_column width=\u00bb1\/6&#8243;][\/vc_column][vc_column width=\u00bb2\/3&#8243;][\/vc_column][vc_column width=\u00bb1\/6&#8243;][\/vc_column][\/vc_row]<\/p>\n","protected":false},"author":1,"featured_media":0,"parent":0,"menu_order":0,"comment_status":"closed","ping_status":"closed","template":"","meta":[],"yst_prominent_words":[347,420,367,268,272,421,417,415,419,412,414,418,413,416,348,345,270,411,271,349],"class_list":["post-466","page","type-page","status-publish","hentry","description-off"],"_links":{"self":[{"href":"https:\/\/gottosellmyhouse.com\/es\/wp-json\/wp\/v2\/pages\/466","targetHints":{"allow":["GET"]}}],"collection":[{"href":"https:\/\/gottosellmyhouse.com\/es\/wp-json\/wp\/v2\/pages"}],"about":[{"href":"https:\/\/gottosellmyhouse.com\/es\/wp-json\/wp\/v2\/types\/page"}],"author":[{"embeddable":true,"href":"https:\/\/gottosellmyhouse.com\/es\/wp-json\/wp\/v2\/users\/1"}],"replies":[{"embeddable":true,"href":"https:\/\/gottosellmyhouse.com\/es\/wp-json\/wp\/v2\/comments?post=466"}],"version-history":[{"count":3,"href":"https:\/\/gottosellmyhouse.com\/es\/wp-json\/wp\/v2\/pages\/466\/revisions"}],"predecessor-version":[{"id":469,"href":"https:\/\/gottosellmyhouse.com\/es\/wp-json\/wp\/v2\/pages\/466\/revisions\/469"}],"wp:attachment":[{"href":"https:\/\/gottosellmyhouse.com\/es\/wp-json\/wp\/v2\/media?parent=466"}],"wp:term":[{"taxonomy":"yst_prominent_words","embeddable":true,"href":"https:\/\/gottosellmyhouse.com\/es\/wp-json\/wp\/v2\/yst_prominent_words?post=466"}],"curies":[{"name":"wp","href":"https:\/\/api.w.org\/{rel}","templated":true}]}}