{"id":457,"date":"2019-09-19T16:39:39","date_gmt":"2019-09-19T16:39:39","guid":{"rendered":"https:\/\/gottosellmyhouse.com\/que-compramos\/"},"modified":"2019-09-19T16:46:25","modified_gmt":"2019-09-19T16:46:25","slug":"que-compramos","status":"publish","type":"page","link":"https:\/\/gottosellmyhouse.com\/es\/que-compramos\/","title":{"rendered":"Que compramos"},"content":{"rendered":"<div class=\"wpb-content-wrapper\"><p>[vc_row margin_top=\u00bb-50&#8243; full_width=\u00bbtrue\u00bb padding_left=\u00bb50&#8243; padding_right=\u00bb50&#8243;][vc_column width=\u00bb1\/2&#8243; css=\u00bb.vc_custom_1467013488835{padding-right: 20px !important;padding-left: 20px !important;}\u00bb]<div class=\"ult-spacer spacer-69eb8017826dd\" data-id=\"69eb8017826dd\" data-height=\"50\" data-height-mobile=\"13\" data-height-tab=\"25\" data-height-tab-portrait=\"25\" data-height-mobile-landscape=\"13\" style=\"clear:both;display:block;\"><\/div><div id=\"ultimate-heading-589169eb80178275c\" class=\"uvc-heading ultimate-heading-589169eb80178275c uvc-4768 \" data-hspacer=\"line_with_icon\" data-hline_width=\"100\" data-hicon_type=\"selector\" data-hborder_style=\"solid\" data-hborder_height=\"1\" data-hborder_color=\"#e10512\" data-icon_width=\"32\" data-hfixer=\"0\"  data-halign=\"left\" style=\"text-align:left\"><div class=\"uvc-sub-heading ult-responsive\"  data-ultimate-target='.uvc-heading.ultimate-heading-589169eb80178275c .uvc-sub-heading '  data-responsive-json-new='{\"font-size\":\"\",\"line-height\":\"\"}'  style=\"font-weight:normal;\"><\/p>\n<h2 style=\"text-align: left;\">QU\u00c9 <span style=\"color: #e10512;\">COMPRAMOS<\/span><\/h2>\n<h2 id=\"link64_adl_tabid\" style=\"display: none;\" data-url=\"http:\/\/gottosellmyhouse.com\/wp-admin\/post-new.php?post_type=page\">75<\/h2>\n<p><\/div><div class=\"uvc-heading-spacer line_with_icon\" style=\"topheight:32px;\"><div class=\"ult-just-icon-wrapper \"><div class=\"align-icon\" style=\"text-align:left;\"><\/div><\/div><\/div><\/div><div class=\"ult-spacer spacer-69eb801782770\" data-id=\"69eb801782770\" data-height=\"20\" data-height-mobile=\"10\" data-height-tab=\"15\" data-height-tab-portrait=\"15\" data-height-mobile-landscape=\"10\" style=\"clear:both;display:block;\"><\/div>[vc_column_text]<\/p>\n<p style=\"text-align: justify;\">\u00bfNecesita vender su casa r\u00e1pidamente? Compramos casas en cualquier condici\u00f3n, cualquier rango de precios, en cualquier parte de los EE. UU. Somos compradores profesionales de casas y podemos comprar su casa ahora por dinero en efectivo, \u00a1r\u00e1pido! Dependiendo de sus necesidades como vendedor y de la condici\u00f3n de su propiedad, podemos hacerle una oferta en tan solo 24 horas y pagar todo en efectivo. Compramos todo tipo de bienes inmuebles residenciales, incluidas casas, casas adosadas, condominios, multifamiliares, comunidades de alquiler, propiedades comerciales, tiempos compartidos y hoteles. Vender su propiedad a trav\u00e9s de agentes de bienes ra\u00edces puede ser muy frustrante, costoso y perjudicial cuando necesita efectivo r\u00e1pido ya que el tiempo y los costos contin\u00faan acumul\u00e1ndose. Otros compradores de casa intentar\u00e1n negociar el precio m\u00e1s bajo posible para su casa cuando se den cuenta de que est\u00e1 en una situaci\u00f3n desesperada. A diferencia de otros compradores de vivienda, no somos \u00abtiburones\u00bb tratando de sacar el m\u00e1ximo provecho de sus problemas, realmente queremos ayudarlo. Si necesita vender su casa y el tiempo est\u00e1 en su contra, GotToSellMyHouseFast.com puede ayudarlo.<\/p>\n<div id=\"link64_adl_tabid\" style=\"display: none;\" data-url=\"http:\/\/gottosellmyhouse.com\/wp-admin\/post.php?post=146&amp;action=edit\">77<\/div>\n<p>[\/vc_column_text]<a class=\"ubtn-link ubtn-left ubtn-custom \" href = \"\/contact-us\" target='' ><button type=\"button\" class=\"ubtn ubtn-custom ubtn-left-bg  none  ubtn-left   tooltip-69eb801782783\"  data-hover=\"#e10512\" data-border-color=\"#ffffff\" data-bg=\"#e10512\" data-hover-bg=\"#ffffff\" data-border-hover=\"#e10512\" data-shadow-hover=\"\" data-shadow-click=\"none\" data-shadow=\"\" data-shd-shadow=\"\" style=\"font-weight:normal;font-size:16px;width:155px;min-height:45px;padding:px px;border-radius:3px;border-width:1px;border-color:#ffffff;border-style:solid;background: #e10512;color: #ffffff;\"><span class=\"ubtn-hover\" style=\"background-color:#ffffff\"><\/span><span class=\"ubtn-data ubtn-text\">CONTACTO<\/span><\/button><\/a><div class=\"ult-spacer spacer-69eb80178279e\" data-id=\"69eb80178279e\" data-height=\"50\" data-height-mobile=\"13\" data-height-tab=\"25\" data-height-tab-portrait=\"25\" data-height-mobile-landscape=\"13\" style=\"clear:both;display:block;\"><\/div>[\/vc_column][vc_column width=\u00bb1\/2&#8243; css=\u00bb.vc_custom_1467013533857{padding-right: 20px !important;padding-left: 20px !important;}\u00bb]<div class=\"ult-spacer spacer-69eb8017827a6\" data-id=\"69eb8017827a6\" data-height=\"50\" data-height-mobile=\"13\" data-height-tab=\"25\" data-height-tab-portrait=\"25\" data-height-mobile-landscape=\"13\" style=\"clear:both;display:block;\"><\/div>[vc_single_image image=\u00bb269&#8243; img_size=\u00bbfull\u00bb alignment=\u00bbcenter\u00bb style=\u00bbvc_box_outline\u00bb border_color=\u00bbmulled_wine\u00bb]<div class=\"ult-spacer spacer-69eb8017827ad\" data-id=\"69eb8017827ad\" data-height=\"50\" data-height-mobile=\"13\" data-height-tab=\"25\" data-height-tab-portrait=\"25\" data-height-mobile-landscape=\"13\" style=\"clear:both;display:block;\"><\/div>[\/vc_column][\/vc_row][vc_row margin_bottom=\u00bb-50&#8243; bg_type=\u00bbimage\u00bb parallax_style=\u00bbvcpb-default\u00bb bg_image_new=\u00bb270|http:\/\/gottosellmyhouse.com\/wp-content\/uploads\/2016\/06\/beautiful-skyline-2560&#215;1440-2.jpg\u00bb bg_image_repeat=\u00bbno-repeat\u00bb bg_img_attach=\u00bbfixed\u00bb bg_override=\u00bbex-full\u00bb enable_overlay=\u00bbenable_overlay_value\u00bb overlay_color=\u00bb#000000&#8243; overlay_pattern=\u00bbtransperant\u00bb overlay_pattern_opacity=\u00bb99&#8243;][vc_column]<div class=\"ult-spacer spacer-69eb8017827b3\" data-id=\"69eb8017827b3\" data-height=\"50\" data-height-mobile=\"13\" data-height-tab=\"25\" data-height-tab-portrait=\"25\" data-height-mobile-landscape=\"13\" style=\"clear:both;display:block;\"><\/div><div id=\"ultimate-heading-585169eb8017828cd\" class=\"uvc-heading ultimate-heading-585169eb8017828cd uvc-8559 \" data-hspacer=\"line_with_icon\" data-hline_width=\"100\" data-hicon_type=\"custom\" data-hborder_style=\"solid\" data-hborder_height=\"1\" data-hborder_color=\"#ffffff\" data-icon_width=\"32\" data-hfixer=\"10\"  data-halign=\"center\" style=\"text-align:center\"><div class=\"uvc-sub-heading ult-responsive\"  data-ultimate-target='.uvc-heading.ultimate-heading-585169eb8017828cd .uvc-sub-heading '  data-responsive-json-new='{\"font-size\":\"\",\"line-height\":\"\"}'  style=\"font-weight:normal;\"><\/p>\n<h2 style=\"text-align: center;\"><span style=\"color: #ffffff;\">RAZONES POR LAS QUE<\/span> <span style=\"color: #e10512;\">PUEDE NECESITAR<\/span> <span style=\"color: #ffffff;\">VENDER UNA CASA<\/span><\/h2>\n<h2 id=\"link64_adl_tabid\" style=\"display: none; text-align: center;\" data-url=\"http:\/\/gottosellmyhouse.com\/wp-admin\/post-new.php?post_type=page\">75<\/h2>\n<p><\/div><div class=\"uvc-heading-spacer line_with_icon\" style=\"top\"><div class=\"ult-just-icon-wrapper \"><div class=\"align-icon\" style=\"text-align:center;\">\n<div class=\"aio-icon-img \" style=\"font-size:32px;display:inline-block;\" >\n\t<img decoding=\"async\" class=\"img-icon\" alt=\"\" src=\"https:\/\/gottosellmyhouse.com\/wp-content\/uploads\/2016\/06\/house2.png\"\/>\n<\/div><\/div><\/div><\/div><\/div><div class=\"ult-spacer spacer-69eb8017828de\" data-id=\"69eb8017828de\" data-height=\"50\" data-height-mobile=\"13\" data-height-tab=\"25\" data-height-tab-portrait=\"25\" data-height-mobile-landscape=\"13\" style=\"clear:both;display:block;\"><\/div>[vc_row_inner][vc_column_inner width=\u00bb1\/3&#8243;][vc_column_text]<\/p>\n<ul>\n<li>\n<h6><span style=\"color: #ffffff;\">MUERTE DE UN ESPOSO<\/span><\/h6>\n<\/li>\n<li>\n<h6><span style=\"color: #ffffff;\">T\u00c9RMINOS INJUSTOS DE HIPOTECA<\/span><\/h6>\n<\/li>\n<li>\n<h6><span style=\"color: #ffffff;\">BARRIO INDESEABLE<\/span><\/h6>\n<\/li>\n<li>\n<h6><span style=\"color: #ffffff;\">Retraso en los pagos<\/span><\/h6>\n<\/li>\n<li>\n<h6><span style=\"color: #ffffff;\">Cambio DE EMPLEO<\/span><\/h6>\n<\/li>\n<li>\n<h6><span style=\"color: #ffffff;\">DIVORCIO<\/span><\/h6>\n<\/li>\n<li>\n<h6><span style=\"color: #ffffff;\">TRANSFERENCIA MILITAR<\/span><\/h6>\n<\/li>\n<\/ul>\n<h6 id=\"link64_adl_tabid\" style=\"display: none;\" data-url=\"http:\/\/gottosellmyhouse.com\/wp-admin\/post-new.php?post_type=page\"><span style=\"color: #ffffff;\">80<\/span><\/h6>\n<p>[\/vc_column_text][\/vc_column_inner][vc_column_inner width=\u00bb1\/3&#8243;][vc_column_text]<\/p>\n<ul>\n<li>\n<h6><span style=\"color: #ffffff;\">T\u00cdTULO PARA LA EJECUCI\u00d3N HIPOTECARIA<\/span><\/h6>\n<\/li>\n<li>\n<h6><span style=\"color: #ffffff;\">VENTA INMOBILIARIA<\/span><\/h6>\n<\/li>\n<li>\n<h6><span style=\"color: #ffffff;\">Tu lista ha expirado<\/span><\/h6>\n<\/li>\n<li>\n<h6><span style=\"color: #ffffff;\">NECESITA LIQUIDAR ACTIVOS PARA PAGAR FACTURAS<\/span><\/h6>\n<\/li>\n<li>\n<h6><span style=\"color: #ffffff;\">LA CASA HA SIDO MUY FEA PARA VENDER<\/span><\/h6>\n<\/li>\n<li>\n<h6><span style=\"color: #ffffff;\">INQUILINOS PROBLEMAS<\/span><\/h6>\n<\/li>\n<li>\n<h6><span style=\"color: #ffffff;\">LA CASA HA TENIDO DA\u00d1O POR TORMENTA O INCENDIO<\/span><\/h6>\n<\/li>\n<\/ul>\n<h6 id=\"link64_adl_tabid\" style=\"display: none;\" data-url=\"http:\/\/gottosellmyhouse.com\/wp-admin\/post-new.php?post_type=page\"><span style=\"color: #ffffff;\">80<\/span><\/h6>\n<p>[\/vc_column_text][\/vc_column_inner][vc_column_inner width=\u00bb1\/3&#8243;][vc_column_text]<\/p>\n<ul>\n<li>\n<h6><span style=\"color: #ffffff;\">REUBICACI\u00d3N O EMIGRACI\u00d3N<\/span><\/h6>\n<\/li>\n<li>\n<h6><span style=\"color: #ffffff;\">NO HAY EQUIDAD DE COBRADOR PARA COMISIONES DE REALTOR<\/span><\/h6>\n<\/li>\n<li>\n<h6><span style=\"color: #ffffff;\">PERDIDA DE TRABAJO<\/span><\/h6>\n<\/li>\n<li>\n<h6><span style=\"color: #ffffff;\">HEREDANDO UNA CASA QUE NO PUEDES MANTENER<\/span><\/h6>\n<\/li>\n<li>\n<h6><span style=\"color: #ffffff;\">LA CASA NECESITA RENOVACI\u00d3N EXTENSIVA<\/span><\/h6>\n<\/li>\n<li>\n<h6><span style=\"color: #ffffff;\">LA PROPIEDAD TIENE L\u00cdMENES O JUICIOS<\/span><\/h6>\n<\/li>\n<\/ul>\n<h6 id=\"link64_adl_tabid\" style=\"display: none;\" data-url=\"http:\/\/gottosellmyhouse.com\/wp-admin\/post-new.php?post_type=page\"><span style=\"color: #ffffff;\">80<\/span><\/h6>\n<p>[\/vc_column_text][\/vc_column_inner][\/vc_row_inner]<div class=\"ult-spacer spacer-69eb8017828e5\" data-id=\"69eb8017828e5\" data-height=\"50\" data-height-mobile=\"13\" data-height-tab=\"25\" data-height-tab-portrait=\"25\" data-height-mobile-landscape=\"13\" style=\"clear:both;display:block;\"><\/div>[\/vc_column][\/vc_row]<\/p>\n<\/div>","protected":false},"excerpt":{"rendered":"<p>[vc_row margin_top=\u00bb-50&#8243; full_width=\u00bbtrue\u00bb padding_left=\u00bb50&#8243; padding_right=\u00bb50&#8243;][vc_column width=\u00bb1\/2&#8243; css=\u00bb.vc_custom_1467013488835{padding-right: 20px !important;padding-left: 20px !important;}\u00bb][vc_column_text] \u00bfNecesita vender su casa r\u00e1pidamente? Compramos casas en cualquier condici\u00f3n, cualquier rango de precios, en cualquier parte de los EE. UU. Somos compradores profesionales de casas y podemos comprar su casa ahora por dinero en efectivo, \u00a1r\u00e1pido! Dependiendo de sus necesidades como vendedor y&hellip;<\/p>\n","protected":false},"author":1,"featured_media":0,"parent":0,"menu_order":0,"comment_status":"closed","ping_status":"closed","template":"","meta":[],"yst_prominent_words":[406,399,249,403,404,407,405,409,398,395,408,397,394,400,396,250,402,410,381,380],"class_list":["post-457","page","type-page","status-publish","hentry","description-off"],"_links":{"self":[{"href":"https:\/\/gottosellmyhouse.com\/es\/wp-json\/wp\/v2\/pages\/457","targetHints":{"allow":["GET"]}}],"collection":[{"href":"https:\/\/gottosellmyhouse.com\/es\/wp-json\/wp\/v2\/pages"}],"about":[{"href":"https:\/\/gottosellmyhouse.com\/es\/wp-json\/wp\/v2\/types\/page"}],"author":[{"embeddable":true,"href":"https:\/\/gottosellmyhouse.com\/es\/wp-json\/wp\/v2\/users\/1"}],"replies":[{"embeddable":true,"href":"https:\/\/gottosellmyhouse.com\/es\/wp-json\/wp\/v2\/comments?post=457"}],"version-history":[{"count":8,"href":"https:\/\/gottosellmyhouse.com\/es\/wp-json\/wp\/v2\/pages\/457\/revisions"}],"predecessor-version":[{"id":465,"href":"https:\/\/gottosellmyhouse.com\/es\/wp-json\/wp\/v2\/pages\/457\/revisions\/465"}],"wp:attachment":[{"href":"https:\/\/gottosellmyhouse.com\/es\/wp-json\/wp\/v2\/media?parent=457"}],"wp:term":[{"taxonomy":"yst_prominent_words","embeddable":true,"href":"https:\/\/gottosellmyhouse.com\/es\/wp-json\/wp\/v2\/yst_prominent_words?post=457"}],"curies":[{"name":"wp","href":"https:\/\/api.w.org\/{rel}","templated":true}]}}