{"id":453,"date":"2019-09-19T16:22:01","date_gmt":"2019-09-19T16:22:01","guid":{"rendered":"https:\/\/gottosellmyhouse.com\/donde-compramos\/"},"modified":"2019-09-19T16:24:29","modified_gmt":"2019-09-19T16:24:29","slug":"donde-compramos","status":"publish","type":"page","link":"https:\/\/gottosellmyhouse.com\/es\/donde-compramos\/","title":{"rendered":"Donde Compramos"},"content":{"rendered":"<div class=\"wpb-content-wrapper\"><p>[vc_row margin_top=\u00bb-50&#8243; full_width=\u00bbtrue\u00bb padding_left=\u00bb50&#8243; padding_right=\u00bb50&#8243;][vc_column width=\u00bb1\/2&#8243; css=\u00bb.vc_custom_1467013488835{padding-right: 20px !important;padding-left: 20px !important;}\u00bb]<div class=\"ult-spacer spacer-69eb81a9c162e\" data-id=\"69eb81a9c162e\" data-height=\"50\" data-height-mobile=\"13\" data-height-tab=\"25\" data-height-tab-portrait=\"25\" data-height-mobile-landscape=\"13\" style=\"clear:both;display:block;\"><\/div><div id=\"ultimate-heading-177569eb81a9c16a4\" class=\"uvc-heading ultimate-heading-177569eb81a9c16a4 uvc-6344 \" data-hspacer=\"line_with_icon\" data-hline_width=\"100\" data-hicon_type=\"custom\" data-hborder_style=\"solid\" data-hborder_height=\"1\" data-hborder_color=\"#252525\" data-icon_width=\"32\" data-hfixer=\"0\"  data-halign=\"left\" style=\"text-align:left\"><div class=\"uvc-sub-heading ult-responsive\"  data-ultimate-target='.uvc-heading.ultimate-heading-177569eb81a9c16a4 .uvc-sub-heading '  data-responsive-json-new='{\"font-size\":\"\",\"line-height\":\"\"}'  style=\"font-weight:normal;\"><\/p>\n<h3>Donde <span style=\"color: #e10512;\">Compramos<\/span><\/h3>\n<div id=\"link64_adl_tabid\" style=\"display: none;\" data-url=\"http:\/\/gottosellmyhouse.com\/wp-admin\/post-new.php?post_type=page\">143<\/div>\n<p><\/div><div class=\"uvc-heading-spacer line_with_icon\" style=\"top\"><div class=\"ult-just-icon-wrapper \"><div class=\"align-icon\" style=\"text-align:left;\"><\/div><\/div><\/div><\/div><div class=\"ult-spacer spacer-69eb81a9c16b5\" data-id=\"69eb81a9c16b5\" data-height=\"20\" data-height-mobile=\"10\" data-height-tab=\"15\" data-height-tab-portrait=\"15\" data-height-mobile-landscape=\"10\" style=\"clear:both;display:block;\"><\/div>[vc_column_text]<\/p>\n<p style=\"text-align: justify;\">Planea mudarse, pero est\u00e1 agobiado por la casa en la que invirti\u00f3 hace a\u00f1os. Los cobradores de deudas est\u00e1n llamando. Los prestamistas hipotecarios est\u00e1n llamando a su tel\u00e9fono todos los d\u00edas. \u00bfEsto terminar\u00e1 alguna vez? Desea seguir adelante con su vida, pero est\u00e1 atrapado con una inversi\u00f3n innecesaria. Pero espera, hay esperanza. Tenemos un equipo de expertos que puede ayudarlo a permitirle vender su casa y seguir adelante con su vida. Vive tu vida, no te agobies por la preocupaci\u00f3n y el funcionamiento de un mercado inc\u00f3modo. Sabemos lo que es intentar navegar por los listados de bienes ra\u00edces, hacer clic de casa en casa, intentar tener una idea de c\u00f3mo es el mercado variable. Puede ser confuso si est\u00e1 vendiendo solo. Sabemos lo que es estar inquieto, despierto a altas horas de la noche, estresado por tratar de vender su casa antes de la fecha l\u00edmite. Trabajamos con usted para determinar el valor de mercado de su hogar y ofrecerle las ofertas m\u00e1s justas disponibles, para que pueda seguir adelante con su vida, en lugar de atarse y agobiarse con el mercado inmobiliario y todo sus detrimentos<\/p>\n<p>[\/vc_column_text]<div class=\"ult-spacer spacer-69eb81a9c16bd\" data-id=\"69eb81a9c16bd\" data-height=\"50\" data-height-mobile=\"13\" data-height-tab=\"25\" data-height-tab-portrait=\"25\" data-height-mobile-landscape=\"13\" style=\"clear:both;display:block;\"><\/div>[\/vc_column][vc_column width=\u00bb1\/2&#8243; css=\u00bb.vc_custom_1467013533857{padding-right: 20px !important;padding-left: 20px !important;}\u00bb]<div class=\"ult-spacer spacer-69eb81a9c16c5\" data-id=\"69eb81a9c16c5\" data-height=\"50\" data-height-mobile=\"13\" data-height-tab=\"25\" data-height-tab-portrait=\"25\" data-height-mobile-landscape=\"13\" style=\"clear:both;display:block;\"><\/div>[vc_single_image image=\u00bb276&#8243; img_size=\u00bbfull\u00bb alignment=\u00bbcenter\u00bb style=\u00bbvc_box_outline\u00bb border_color=\u00bbwhite\u00bb]<div class=\"ult-spacer spacer-69eb81a9c16cc\" data-id=\"69eb81a9c16cc\" data-height=\"50\" data-height-mobile=\"13\" data-height-tab=\"25\" data-height-tab-portrait=\"25\" data-height-mobile-landscape=\"13\" style=\"clear:both;display:block;\"><\/div>[\/vc_column][\/vc_row][vc_row bg_type=\u00bbbg_color\u00bb bg_override=\u00bbex-full\u00bb bg_color_value=\u00bb#252525&#8243;][vc_column width=\u00bb3\/4&#8243;]<div class=\"ult-spacer spacer-69eb81a9c16d2\" data-id=\"69eb81a9c16d2\" data-height=\"50\" data-height-mobile=\"13\" data-height-tab=\"25\" data-height-tab-portrait=\"25\" data-height-mobile-landscape=\"13\" style=\"clear:both;display:block;\"><\/div>[vc_column_text]<\/p>\n<h3 style=\"text-align: left;\"><span style=\"color: #ffffff;\">El equipo detr\u00e1s de GotToSellMyHouseFast.com compra bienes ra\u00edces en los 50 estados de EE. UU.<\/span><\/h3>\n<div id=\"link64_adl_tabid\" style=\"display: none; text-align: left;\" data-url=\"http:\/\/gottosellmyhouse.com\/wp-admin\/post-new.php?post_type=page\">141<\/div>\n<p>[\/vc_column_text]<div class=\"ult-spacer spacer-69eb81a9c16d8\" data-id=\"69eb81a9c16d8\" data-height=\"50\" data-height-mobile=\"13\" data-height-tab=\"25\" data-height-tab-portrait=\"25\" data-height-mobile-landscape=\"13\" style=\"clear:both;display:block;\"><\/div>[\/vc_column][vc_column width=\u00bb1\/4&#8243;]<div class=\"ult-spacer spacer-69eb81a9c16df\" data-id=\"69eb81a9c16df\" data-height=\"50\" data-height-mobile=\"13\" data-height-tab=\"25\" data-height-tab-portrait=\"25\" data-height-mobile-landscape=\"13\" style=\"clear:both;display:block;\"><\/div><a class=\"ubtn-link ubtn-left ubtn-custom \" href = \"\/contact-us\" target='' ><button type=\"button\" class=\"ubtn ubtn-custom ubtn-left-bg  none  ubtn-left   tooltip-69eb81a9c16ef\"  data-hover=\"#e10512\" data-border-color=\"#ffffff\" data-bg=\"#e10512\" data-hover-bg=\"#ffffff\" data-border-hover=\"#e10512\" data-shadow-hover=\"\" data-shadow-click=\"none\" data-shadow=\"\" data-shd-shadow=\"\" style=\"font-weight:normal;font-size:16px;width:155px;min-height:45px;padding:px px;border-radius:3px;border-width:1px;border-color:#ffffff;border-style:solid;background: #e10512;color: #ffffff;\"><span class=\"ubtn-hover\" style=\"background-color:#ffffff\"><\/span><span class=\"ubtn-data ubtn-text\">CONTACTO<\/span><\/button><\/a><div class=\"ult-spacer spacer-69eb81a9c1706\" data-id=\"69eb81a9c1706\" data-height=\"50\" data-height-mobile=\"13\" data-height-tab=\"25\" data-height-tab-portrait=\"25\" data-height-mobile-landscape=\"13\" style=\"clear:both;display:block;\"><\/div>[\/vc_column][\/vc_row][vc_row margin_bottom=\u00bb-50&#8243;][vc_column width=\u00bb1\/2&#8243;]<div class=\"ult-spacer spacer-69eb81a9c170d\" data-id=\"69eb81a9c170d\" data-height=\"50\" data-height-mobile=\"13\" data-height-tab=\"25\" data-height-tab-portrait=\"25\" data-height-mobile-landscape=\"13\" style=\"clear:both;display:block;\"><\/div>[vc_single_image image=\u00bb124&#8243; img_size=\u00bbfull\u00bb alignment=\u00bbcenter\u00bb style=\u00bbvc_box_outline\u00bb border_color=\u00bbmulled_wine\u00bb]<div class=\"ult-spacer spacer-69eb81a9c1713\" data-id=\"69eb81a9c1713\" data-height=\"50\" data-height-mobile=\"13\" data-height-tab=\"25\" data-height-tab-portrait=\"25\" data-height-mobile-landscape=\"13\" style=\"clear:both;display:block;\"><\/div>[\/vc_column][vc_column width=\u00bb1\/2&#8243;]<div class=\"ult-spacer spacer-69eb81a9c1719\" data-id=\"69eb81a9c1719\" data-height=\"50\" data-height-mobile=\"13\" data-height-tab=\"25\" data-height-tab-portrait=\"25\" data-height-mobile-landscape=\"13\" style=\"clear:both;display:block;\"><\/div><div id=\"ultimate-heading-346869eb81a9c173f\" class=\"uvc-heading ultimate-heading-346869eb81a9c173f uvc-2994 \" data-hspacer=\"line_with_icon\" data-hline_width=\"100\" data-hicon_type=\"custom\" data-hborder_style=\"solid\" data-hborder_height=\"1\" data-hborder_color=\"#252525\" data-icon_width=\"32\" data-hfixer=\"0\"  data-halign=\"left\" style=\"text-align:left\"><div class=\"uvc-sub-heading ult-responsive\"  data-ultimate-target='.uvc-heading.ultimate-heading-346869eb81a9c173f .uvc-sub-heading '  data-responsive-json-new='{\"font-size\":\"\",\"line-height\":\"\"}'  style=\"font-weight:normal;\"><\/p>\n<h3>Donde <span style=\"color: #e10512;\">Compramos<\/span><\/h3>\n<div id=\"link64_adl_tabid\" style=\"display: none;\" data-url=\"http:\/\/gottosellmyhouse.com\/wp-admin\/post-new.php?post_type=page\">143<\/div>\n<p><\/div><div class=\"uvc-heading-spacer line_with_icon\" style=\"top\"><div class=\"ult-just-icon-wrapper \"><div class=\"align-icon\" style=\"text-align:left;\"><\/div><\/div><\/div><\/div><div class=\"ult-spacer spacer-69eb81a9c1749\" data-id=\"69eb81a9c1749\" data-height=\"20\" data-height-mobile=\"10\" data-height-tab=\"15\" data-height-tab-portrait=\"15\" data-height-mobile-landscape=\"10\" style=\"clear:both;display:block;\"><\/div>[vc_column_text]<\/p>\n<p style=\"text-align: justify;\">Nos ocupamos de bienes ra\u00edces en todo Estados Unidos. Las especialidades incluyen, entre otras, viviendas unifamiliares, casas adosadas, condominios, viviendas multifamiliares y varias propiedades comerciales. Somos expertos en ayudarlo a vender su propiedad de Alabama lo m\u00e1s r\u00e1pido y sin problemas posible. No querr\u00e1s pasar a\u00f1os con una propiedad en el mercado, luchando por llegar a un acuerdo mientras el resto de tu vida gira, pasando por ti. Tenemos experiencia ayudando a personas en apuros con sus problemas inmobiliarios y resolviendo su apuro vendiendo sus propiedades r\u00e1pidamente.<\/p>\n<p>&nbsp;<\/p>\n<div id=\"link64_adl_tabid\" style=\"display: none;\" data-url=\"http:\/\/gottosellmyhouse.com\/wp-admin\/post-new.php?post_type=page\">142<\/div>\n<p>[\/vc_column_text]<a class=\"ubtn-link ubtn-left ubtn-custom \" href = \"\/contact-us\" target='' ><button type=\"button\" class=\"ubtn ubtn-custom ubtn-left-bg  none  ubtn-left   tooltip-69eb81a9c1754\"  data-hover=\"#e10512\" data-border-color=\"#ffffff\" data-bg=\"#e10512\" data-hover-bg=\"#ffffff\" data-border-hover=\"#e10512\" data-shadow-hover=\"\" data-shadow-click=\"none\" data-shadow=\"\" data-shd-shadow=\"\" style=\"font-weight:normal;font-size:16px;width:155px;min-height:45px;padding:px px;border-radius:3px;border-width:1px;border-color:#ffffff;border-style:solid;background: #e10512;color: #ffffff;\"><span class=\"ubtn-hover\" style=\"background-color:#ffffff\"><\/span><span class=\"ubtn-data ubtn-text\">CONTACTO<\/span><\/button><\/a><div class=\"ult-spacer spacer-69eb81a9c175e\" data-id=\"69eb81a9c175e\" data-height=\"50\" data-height-mobile=\"13\" data-height-tab=\"25\" data-height-tab-portrait=\"25\" data-height-mobile-landscape=\"13\" style=\"clear:both;display:block;\"><\/div>[\/vc_column][\/vc_row]<\/p>\n<\/div>","protected":false},"excerpt":{"rendered":"<p>[vc_row margin_top=\u00bb-50&#8243; full_width=\u00bbtrue\u00bb padding_left=\u00bb50&#8243; padding_right=\u00bb50&#8243;][vc_column width=\u00bb1\/2&#8243; css=\u00bb.vc_custom_1467013488835{padding-right: 20px !important;padding-left: 20px !important;}\u00bb][vc_column_text] Planea mudarse, pero est\u00e1 agobiado por la casa en la que invirti\u00f3 hace a\u00f1os. Los cobradores de deudas est\u00e1n llamando. Los prestamistas hipotecarios est\u00e1n llamando a su tel\u00e9fono todos los d\u00edas. \u00bfEsto terminar\u00e1 alguna vez? Desea seguir adelante con su vida, pero est\u00e1 atrapado&hellip;<\/p>\n","protected":false},"author":1,"featured_media":0,"parent":0,"menu_order":0,"comment_status":"closed","ping_status":"closed","template":"","meta":[],"yst_prominent_words":[347,351,352,350,366,367,263,265,268,266,368,365,369,364,267,348,345,353,346,349],"class_list":["post-453","page","type-page","status-publish","hentry","description-off"],"_links":{"self":[{"href":"https:\/\/gottosellmyhouse.com\/es\/wp-json\/wp\/v2\/pages\/453","targetHints":{"allow":["GET"]}}],"collection":[{"href":"https:\/\/gottosellmyhouse.com\/es\/wp-json\/wp\/v2\/pages"}],"about":[{"href":"https:\/\/gottosellmyhouse.com\/es\/wp-json\/wp\/v2\/types\/page"}],"author":[{"embeddable":true,"href":"https:\/\/gottosellmyhouse.com\/es\/wp-json\/wp\/v2\/users\/1"}],"replies":[{"embeddable":true,"href":"https:\/\/gottosellmyhouse.com\/es\/wp-json\/wp\/v2\/comments?post=453"}],"version-history":[{"count":3,"href":"https:\/\/gottosellmyhouse.com\/es\/wp-json\/wp\/v2\/pages\/453\/revisions"}],"predecessor-version":[{"id":456,"href":"https:\/\/gottosellmyhouse.com\/es\/wp-json\/wp\/v2\/pages\/453\/revisions\/456"}],"wp:attachment":[{"href":"https:\/\/gottosellmyhouse.com\/es\/wp-json\/wp\/v2\/media?parent=453"}],"wp:term":[{"taxonomy":"yst_prominent_words","embeddable":true,"href":"https:\/\/gottosellmyhouse.com\/es\/wp-json\/wp\/v2\/yst_prominent_words?post=453"}],"curies":[{"name":"wp","href":"https:\/\/api.w.org\/{rel}","templated":true}]}}