{"id":447,"date":"2019-09-19T16:12:42","date_gmt":"2019-09-19T16:12:42","guid":{"rendered":"https:\/\/gottosellmyhouse.com\/como-funciona\/"},"modified":"2019-09-19T16:17:52","modified_gmt":"2019-09-19T16:17:52","slug":"como-funciona","status":"publish","type":"page","link":"https:\/\/gottosellmyhouse.com\/es\/como-funciona\/","title":{"rendered":"C\u00f3mo Funciona"},"content":{"rendered":"<div class=\"wpb-content-wrapper\"><p>[vc_row margin_top=\u00bb-50&#8243;][vc_column width=\u00bb1\/2&#8243; animation=\u00bbfadeInLeft\u00bb]<div class=\"ult-spacer spacer-69eb81a90ddb9\" data-id=\"69eb81a90ddb9\" data-height=\"50\" data-height-mobile=\"13\" data-height-tab=\"25\" data-height-tab-portrait=\"25\" data-height-mobile-landscape=\"13\" style=\"clear:both;display:block;\"><\/div>[vc_column_text]<\/p>\n<h3 style=\"text-align: left;\">\u00bfC\u00f3mo Funciona?<\/h3>\n<p>[\/vc_column_text]<div class=\"ult-spacer spacer-69eb81a90ddca\" data-id=\"69eb81a90ddca\" data-height=\"20\" data-height-mobile=\"10\" data-height-tab=\"15\" data-height-tab-portrait=\"15\" data-height-mobile-landscape=\"10\" style=\"clear:both;display:block;\"><\/div>[vc_column_text]<\/p>\n<p style=\"text-align: justify;\">1. Como primer paso para resolver sus problemas inmobiliarios, nos sentamos con usted y escuchamos su situaci\u00f3n. Luego procedemos a hacerle las pocas preguntas para obtener la informaci\u00f3n que necesitamos o para saber. Esta es la oportunidad para que nos haga tantas preguntas como desee. Si est\u00e1 satisfecho, procederemos al siguiente paso. En funci\u00f3n de la valoraci\u00f3n de la propiedad, nuestros profesionales de bienes ra\u00edces le ofrecer\u00e1n una gu\u00eda sobre cu\u00e1nto podemos ofrecerle a cambio de una venta en efectivo.<\/p>\n<p>[\/vc_column_text]<div class=\"ult-spacer spacer-69eb81a90ddd4\" data-id=\"69eb81a90ddd4\" data-height=\"50\" data-height-mobile=\"13\" data-height-tab=\"25\" data-height-tab-portrait=\"25\" data-height-mobile-landscape=\"13\" style=\"clear:both;display:block;\"><\/div>[\/vc_column][vc_column width=\u00bb1\/2&#8243; animation=\u00bbfadeInRight\u00bb]<div class=\"ult-spacer spacer-69eb81a90dddd\" data-id=\"69eb81a90dddd\" data-height=\"50\" data-height-mobile=\"13\" data-height-tab=\"25\" data-height-tab-portrait=\"25\" data-height-mobile-landscape=\"13\" style=\"clear:both;display:block;\"><\/div>[vc_single_image image=\u00bb113&#8243; img_size=\u00bbfull\u00bb alignment=\u00bbcenter\u00bb style=\u00bbvc_box_outline\u00bb border_color=\u00bbmulled_wine\u00bb]<div class=\"ult-spacer spacer-69eb81a90dde5\" data-id=\"69eb81a90dde5\" data-height=\"50\" data-height-mobile=\"13\" data-height-tab=\"25\" data-height-tab-portrait=\"25\" data-height-mobile-landscape=\"13\" style=\"clear:both;display:block;\"><\/div>[\/vc_column][\/vc_row][vc_row bg_type=\u00bbbg_color\u00bb bg_override=\u00bbex-full\u00bb bg_color_value=\u00bb#e10512&#8243;][vc_column width=\u00bb1\/2&#8243; animation=\u00bbbounceInLeft\u00bb]<div class=\"ult-spacer spacer-69eb81a90ddec\" data-id=\"69eb81a90ddec\" data-height=\"50\" data-height-mobile=\"13\" data-height-tab=\"25\" data-height-tab-portrait=\"25\" data-height-mobile-landscape=\"13\" style=\"clear:both;display:block;\"><\/div>[vc_single_image image=\u00bb121&#8243; img_size=\u00bbfull\u00bb alignment=\u00bbcenter\u00bb style=\u00bbvc_box_outline\u00bb border_color=\u00bbmulled_wine\u00bb]<div class=\"ult-spacer spacer-69eb81a90ddf4\" data-id=\"69eb81a90ddf4\" data-height=\"50\" data-height-mobile=\"13\" data-height-tab=\"25\" data-height-tab-portrait=\"25\" data-height-mobile-landscape=\"13\" style=\"clear:both;display:block;\"><\/div>[\/vc_column][vc_column width=\u00bb1\/2&#8243; animation=\u00bbfadeInRight\u00bb]<div class=\"ult-spacer spacer-69eb81a90ddfb\" data-id=\"69eb81a90ddfb\" data-height=\"50\" data-height-mobile=\"13\" data-height-tab=\"25\" data-height-tab-portrait=\"25\" data-height-mobile-landscape=\"13\" style=\"clear:both;display:block;\"><\/div>[vc_column_text]<\/p>\n<h3 style=\"text-align: left;\">2. Hacemos un an\u00e1lisis y valoraci\u00f3n de la situaci\u00f3n completa<\/h3>\n<p>[\/vc_column_text]<div class=\"ult-spacer spacer-69eb81a90de02\" data-id=\"69eb81a90de02\" data-height=\"20\" data-height-mobile=\"10\" data-height-tab=\"15\" data-height-tab-portrait=\"15\" data-height-mobile-landscape=\"10\" style=\"clear:both;display:block;\"><\/div>[vc_column_text]<\/p>\n<p style=\"text-align: justify;\"><span style=\"color: #ffffff;\">En esta etapa, recopilamos algunos detalles adicionales sobre la propiedad y su situaci\u00f3n actual. Procesamos esta informaci\u00f3n para generar un an\u00e1lisis financiero de la propiedad. Los resultados de este paso producir\u00e1n una valoraci\u00f3n precisa y posibles estrategias de salida o soluciones a su problema. Esto nos permite preparar una oferta formal completamente investigada para garantizar que logremos un escenario de ganar-ganar.<br \/>\n<\/span><\/p>\n<div id=\"link64_adl_tabid\" style=\"display: none;\" data-url=\"http:\/\/gottosellmyhouse.com\/wp-admin\/post.php?post=101&amp;action=edit\">337<\/div>\n<p>[\/vc_column_text]<div class=\"ult-spacer spacer-69eb81a90de13\" data-id=\"69eb81a90de13\" data-height=\"50\" data-height-mobile=\"13\" data-height-tab=\"25\" data-height-tab-portrait=\"25\" data-height-mobile-landscape=\"13\" style=\"clear:both;display:block;\"><\/div>[\/vc_column][\/vc_row][vc_row][vc_column width=\u00bb1\/2&#8243; animation=\u00bbfadeInLeft\u00bb]<div class=\"ult-spacer spacer-69eb81a90de1a\" data-id=\"69eb81a90de1a\" data-height=\"50\" data-height-mobile=\"13\" data-height-tab=\"25\" data-height-tab-portrait=\"25\" data-height-mobile-landscape=\"13\" style=\"clear:both;display:block;\"><\/div>[vc_column_text]<\/p>\n<h3 style=\"text-align: left;\">Te hacemos una oferta Cash que se ajuste al precio del mercado y las condiciones de tu propiedad.<\/h3>\n<p>[\/vc_column_text]<div class=\"ult-spacer spacer-69eb81a90de21\" data-id=\"69eb81a90de21\" data-height=\"20\" data-height-mobile=\"10\" data-height-tab=\"15\" data-height-tab-portrait=\"15\" data-height-mobile-landscape=\"10\" style=\"clear:both;display:block;\"><\/div>[vc_column_text]<\/p>\n<p style=\"text-align: justify;\">Te hacemos una oferta. La mayor\u00eda de las veces hacemos todas las ofertas en efectivo. Sin embargo, de vez en cuando y dependiendo de la situaci\u00f3n, podemos proponer una oferta de t\u00e9rminos o financiamiento (o alguna otra soluci\u00f3n creativa). No hay obligaci\u00f3n de que lo aceptes.<\/p>\n<p>[\/vc_column_text]<div class=\"ult-spacer spacer-69eb81a90de27\" data-id=\"69eb81a90de27\" data-height=\"50\" data-height-mobile=\"13\" data-height-tab=\"25\" data-height-tab-portrait=\"25\" data-height-mobile-landscape=\"13\" style=\"clear:both;display:block;\"><\/div>[\/vc_column][vc_column width=\u00bb1\/2&#8243; animation=\u00bbfadeInRight\u00bb]<div class=\"ult-spacer spacer-69eb81a90de2e\" data-id=\"69eb81a90de2e\" data-height=\"50\" data-height-mobile=\"13\" data-height-tab=\"25\" data-height-tab-portrait=\"25\" data-height-mobile-landscape=\"13\" style=\"clear:both;display:block;\"><\/div>[vc_single_image image=\u00bb122&#8243; img_size=\u00bbfull\u00bb alignment=\u00bbcenter\u00bb style=\u00bbvc_box_outline\u00bb border_color=\u00bbmulled_wine\u00bb]<div class=\"ult-spacer spacer-69eb81a90de34\" data-id=\"69eb81a90de34\" data-height=\"50\" data-height-mobile=\"13\" data-height-tab=\"25\" data-height-tab-portrait=\"25\" data-height-mobile-landscape=\"13\" style=\"clear:both;display:block;\"><\/div>[\/vc_column][\/vc_row][vc_row bg_type=\u00bbbg_color\u00bb bg_override=\u00bbex-full\u00bb bg_color_value=\u00bb#252525&#8243;][vc_column width=\u00bb1\/2&#8243; animation=\u00bbbounceInLeft\u00bb]<div class=\"ult-spacer spacer-69eb81a90de3c\" data-id=\"69eb81a90de3c\" data-height=\"50\" data-height-mobile=\"13\" data-height-tab=\"25\" data-height-tab-portrait=\"25\" data-height-mobile-landscape=\"13\" style=\"clear:both;display:block;\"><\/div>[vc_single_image image=\u00bb123&#8243; img_size=\u00bbfull\u00bb alignment=\u00bbcenter\u00bb style=\u00bbvc_box_outline\u00bb border_color=\u00bbmulled_wine\u00bb]<div class=\"ult-spacer spacer-69eb81a90de42\" data-id=\"69eb81a90de42\" data-height=\"50\" data-height-mobile=\"13\" data-height-tab=\"25\" data-height-tab-portrait=\"25\" data-height-mobile-landscape=\"13\" style=\"clear:both;display:block;\"><\/div>[\/vc_column][vc_column width=\u00bb1\/2&#8243; animation=\u00bbfadeInRight\u00bb]<div class=\"ult-spacer spacer-69eb81a90de48\" data-id=\"69eb81a90de48\" data-height=\"50\" data-height-mobile=\"13\" data-height-tab=\"25\" data-height-tab-portrait=\"25\" data-height-mobile-landscape=\"13\" style=\"clear:both;display:block;\"><\/div>[vc_column_text]<\/p>\n<h3 style=\"text-align: left;\"><span style=\"color: #ffffff;\">4. EVALUAS LA OFERTA QUE HICIMOS PARA TU PROPIEDAD<\/span><\/h3>\n<div id=\"link64_adl_tabid\" style=\"display: none;\" data-url=\"http:\/\/gottosellmyhouse.com\/wp-admin\/post.php?post=101&amp;action=edit\">338<\/div>\n<p>[\/vc_column_text]<div class=\"ult-spacer spacer-69eb81a90de4e\" data-id=\"69eb81a90de4e\" data-height=\"20\" data-height-mobile=\"10\" data-height-tab=\"15\" data-height-tab-portrait=\"15\" data-height-mobile-landscape=\"10\" style=\"clear:both;display:block;\"><\/div>[vc_column_text]<\/p>\n<p style=\"text-align: justify;\"><span style=\"color: #ffffff;\">Le brindamos la oportunidad de evaluar nuestra oferta. Vender su casa es una experiencia que cambia la vida. Le proporcionamos suficiente informaci\u00f3n para tomar una decisi\u00f3n informada sobre la venta de su casa. La pelota est\u00e1 en tu cancha y t\u00fa tienes el control. Le recomendamos que tome todo el tiempo que necesite para decidir si desea vender.<\/span><\/p>\n<div id=\"link64_adl_tabid\" style=\"display: none;\" data-url=\"http:\/\/gottosellmyhouse.com\/wp-admin\/post.php?post=101&amp;action=edit\">339<\/div>\n<p>[\/vc_column_text]<div class=\"ult-spacer spacer-69eb81a90de54\" data-id=\"69eb81a90de54\" data-height=\"50\" data-height-mobile=\"13\" data-height-tab=\"25\" data-height-tab-portrait=\"25\" data-height-mobile-landscape=\"13\" style=\"clear:both;display:block;\"><\/div>[\/vc_column][\/vc_row][vc_row margin_bottom=\u00bb-50&#8243;][vc_column width=\u00bb1\/2&#8243; animation=\u00bbfadeInLeft\u00bb]<div class=\"ult-spacer spacer-69eb81a90de59\" data-id=\"69eb81a90de59\" data-height=\"50\" data-height-mobile=\"13\" data-height-tab=\"25\" data-height-tab-portrait=\"25\" data-height-mobile-landscape=\"13\" style=\"clear:both;display:block;\"><\/div>[vc_column_text]<\/p>\n<h3 style=\"text-align: left;\">5. Closing:<\/h3>\n<p>[\/vc_column_text]<div class=\"ult-spacer spacer-69eb81a90de5f\" data-id=\"69eb81a90de5f\" data-height=\"20\" data-height-mobile=\"10\" data-height-tab=\"15\" data-height-tab-portrait=\"15\" data-height-mobile-landscape=\"10\" style=\"clear:both;display:block;\"><\/div>[vc_column_text]<\/p>\n<p style=\"text-align: justify;\">Si acepta la oferta, organizaremos una transacci\u00f3n en efectivo y le pagaremos su dinero. No hay tarifas ocultas o costos involucrados. Lo que le ofrecemos es lo que obtiene, y nada menos.<\/p>\n<p>[\/vc_column_text]<div class=\"ult-spacer spacer-69eb81a90de64\" data-id=\"69eb81a90de64\" data-height=\"50\" data-height-mobile=\"13\" data-height-tab=\"25\" data-height-tab-portrait=\"25\" data-height-mobile-landscape=\"13\" style=\"clear:both;display:block;\"><\/div>[\/vc_column][vc_column width=\u00bb1\/2&#8243; animation=\u00bbfadeInRight\u00bb]<div class=\"ult-spacer spacer-69eb81a90de69\" data-id=\"69eb81a90de69\" data-height=\"50\" data-height-mobile=\"13\" data-height-tab=\"25\" data-height-tab-portrait=\"25\" data-height-mobile-landscape=\"13\" style=\"clear:both;display:block;\"><\/div>[vc_single_image image=\u00bb124&#8243; img_size=\u00bbfull\u00bb alignment=\u00bbcenter\u00bb style=\u00bbvc_box_outline\u00bb border_color=\u00bbmulled_wine\u00bb]<div class=\"ult-spacer spacer-69eb81a90de6f\" data-id=\"69eb81a90de6f\" data-height=\"50\" data-height-mobile=\"13\" data-height-tab=\"25\" data-height-tab-portrait=\"25\" data-height-mobile-landscape=\"13\" style=\"clear:both;display:block;\"><\/div>[\/vc_column][\/vc_row]<\/p>\n<\/div>","protected":false},"excerpt":{"rendered":"<p>[vc_row margin_top=\u00bb-50&#8243;][vc_column width=\u00bb1\/2&#8243; animation=\u00bbfadeInLeft\u00bb][vc_column_text] \u00bfC\u00f3mo Funciona? [\/vc_column_text][vc_column_text] 1. Como primer paso para resolver sus problemas inmobiliarios, nos sentamos con usted y escuchamos su situaci\u00f3n. Luego procedemos a hacerle las pocas preguntas para obtener la informaci\u00f3n que necesitamos o para saber. Esta es la oportunidad para que nos haga tantas preguntas como desee. Si est\u00e1 satisfecho,&hellip;<\/p>\n","protected":false},"author":1,"featured_media":0,"parent":0,"menu_order":0,"comment_status":"closed","ping_status":"closed","template":"","meta":[],"yst_prominent_words":[347,351,352,350,355,358,263,360,361,357,363,348,345,354,353,359,362,346,356,349],"class_list":["post-447","page","type-page","status-publish","hentry","description-off"],"_links":{"self":[{"href":"https:\/\/gottosellmyhouse.com\/es\/wp-json\/wp\/v2\/pages\/447","targetHints":{"allow":["GET"]}}],"collection":[{"href":"https:\/\/gottosellmyhouse.com\/es\/wp-json\/wp\/v2\/pages"}],"about":[{"href":"https:\/\/gottosellmyhouse.com\/es\/wp-json\/wp\/v2\/types\/page"}],"author":[{"embeddable":true,"href":"https:\/\/gottosellmyhouse.com\/es\/wp-json\/wp\/v2\/users\/1"}],"replies":[{"embeddable":true,"href":"https:\/\/gottosellmyhouse.com\/es\/wp-json\/wp\/v2\/comments?post=447"}],"version-history":[{"count":5,"href":"https:\/\/gottosellmyhouse.com\/es\/wp-json\/wp\/v2\/pages\/447\/revisions"}],"predecessor-version":[{"id":452,"href":"https:\/\/gottosellmyhouse.com\/es\/wp-json\/wp\/v2\/pages\/447\/revisions\/452"}],"wp:attachment":[{"href":"https:\/\/gottosellmyhouse.com\/es\/wp-json\/wp\/v2\/media?parent=447"}],"wp:term":[{"taxonomy":"yst_prominent_words","embeddable":true,"href":"https:\/\/gottosellmyhouse.com\/es\/wp-json\/wp\/v2\/yst_prominent_words?post=447"}],"curies":[{"name":"wp","href":"https:\/\/api.w.org\/{rel}","templated":true}]}}